{"id":4668,"date":"2019-09-13T18:13:22","date_gmt":"2019-09-13T16:13:22","guid":{"rendered":"https:\/\/schwedter-heimatverein.de\/?page_id=4668"},"modified":"2022-10-26T19:09:26","modified_gmt":"2022-10-26T17:09:26","slug":"__trashed","status":"publish","type":"page","link":"http:\/\/schwedter-heimatverein.de\/?page_id=4668","title":{"rendered":"Schwedter Geschichte(n) 2019"},"content":{"rendered":"\n<p><div class=\"wp-block-image\"><figure class=\"aligncenter\"><img loading=\"lazy\" decoding=\"async\" width=\"170\" height=\"240\" src=\"http:\/\/schwedter-heimatverein.de\/wp-content\/uploads\/2019\/09\/Schwedter_Geschichtenint.jpg\" alt=\"Schwedter Geschichte(n)\" class=\"wp-image-4670\"\/><figcaption><p>Preis 8,00 \u20ac<\/p><\/figcaption><\/figure><\/div><\/p>\n\n\n\n<p>Inhalt (2019) <br><\/p>\n\n\n\n<ul class=\"wp-block-list\"><li>Eine Schwedter Prinzessin als &#8222;Venus von Berlin&#8220; (Prinzessin  Philippine  Amalie ist die j\u00fcngste Tochter des &#8222;Tollen Markgrafen&#8220; &nbsp;  Friedrich Wilhelm 1700-1771) <\/li><li>Zerst\u00f6rt, neu gestaltet, zweigeteilt &#8211; Schwedt und eine Rath\u00e4user <\/li><li>Im Hintergrund der Ereignisse (Der preu\u00dfische Diplomat Friedrich August  von Staegemann 1763-1840) <\/li><li>Ruhepol und Mittelpunkt des gesellschaftlichen Lebens zugleich (Der Park  &#8222;Heinrichslust&#8220;) <\/li><li>Stammtisch stiftet &#8222;Jennes Ruh&#8220; <\/li><li>Gesch\u00e4ftig, vielf\u00e4ltig und geheimnisvoll war das Leben (Lebensweg der  K\u00e4hte Habetha)<\/li><li>Kein Dorf spricht wie das andere (Eine Geschichte auf &#8222;Neum\u00e4rker  Platt&#8220;) <\/li><li>Das &#8222;Centra&#8220;, die erste neue Gastst\u00e4tte beim Stadtaufbau.<\/li><li>Rettung vom Schloss Wildenbruch schreitet weiter voran (Zeitbericht mit  altem Bildmaterial) &nbsp;  <\/li><\/ul>\n\n\n\n<p>88 Seiten<br>Herausgeber: Schwedter Heimatverein e. V.  <br>Druck: Druckerei Wippold  <br><\/p>\n","protected":false},"excerpt":{"rendered":"<p>Preis 8,00 \u20ac Inhalt (2019) Eine Schwedter Prinzessin als &#8222;Venus von Berlin&#8220; (Prinzessin Philippine Amalie ist die j\u00fcngste Tochter des &#8222;Tollen Markgrafen&#8220; &nbsp; Friedrich Wilhelm 1700-1771) Zerst\u00f6rt, neu gestaltet, zweigeteilt &#8211; Schwedt und eine Rath\u00e4user Im Hintergrund der Ereignisse (Der preu\u00dfische Diplomat Friedrich August von Staegemann 1763-1840) Ruhepol und Mittelpunkt des gesellschaftlichen Lebens zugleich (Der &hellip; <a href=\"http:\/\/schwedter-heimatverein.de\/?page_id=4668\" class=\"more-link\"><span class=\"screen-reader-text\">Schwedter Geschichte(n) 2019<\/span> weiterlesen<\/a><\/p>\n","protected":false},"author":1,"featured_media":0,"parent":4464,"menu_order":0,"comment_status":"closed","ping_status":"closed","template":"","meta":{"ngg_post_thumbnail":0,"footnotes":""},"class_list":["post-4668","page","type-page","status-publish","hentry"],"_links":{"self":[{"href":"http:\/\/schwedter-heimatverein.de\/index.php?rest_route=\/wp\/v2\/pages\/4668","targetHints":{"allow":["GET"]}}],"collection":[{"href":"http:\/\/schwedter-heimatverein.de\/index.php?rest_route=\/wp\/v2\/pages"}],"about":[{"href":"http:\/\/schwedter-heimatverein.de\/index.php?rest_route=\/wp\/v2\/types\/page"}],"author":[{"embeddable":true,"href":"http:\/\/schwedter-heimatverein.de\/index.php?rest_route=\/wp\/v2\/users\/1"}],"replies":[{"embeddable":true,"href":"http:\/\/schwedter-heimatverein.de\/index.php?rest_route=%2Fwp%2Fv2%2Fcomments&post=4668"}],"version-history":[{"count":16,"href":"http:\/\/schwedter-heimatverein.de\/index.php?rest_route=\/wp\/v2\/pages\/4668\/revisions"}],"predecessor-version":[{"id":4942,"href":"http:\/\/schwedter-heimatverein.de\/index.php?rest_route=\/wp\/v2\/pages\/4668\/revisions\/4942"}],"up":[{"embeddable":true,"href":"http:\/\/schwedter-heimatverein.de\/index.php?rest_route=\/wp\/v2\/pages\/4464"}],"wp:attachment":[{"href":"http:\/\/schwedter-heimatverein.de\/index.php?rest_route=%2Fwp%2Fv2%2Fmedia&parent=4668"}],"curies":[{"name":"wp","href":"https:\/\/api.w.org\/{rel}","templated":true}]}}