{"id":4530,"date":"2017-09-15T13:57:59","date_gmt":"2017-09-15T11:57:59","guid":{"rendered":"http:\/\/heimatverein.portal-schwedt.de\/?page_id=4530"},"modified":"2021-08-27T10:41:55","modified_gmt":"2021-08-27T08:41:55","slug":"heft-nr-1","status":"publish","type":"page","link":"http:\/\/schwedter-heimatverein.de\/?page_id=4530","title":{"rendered":"Schwedter Jahreshefte Nr. 1"},"content":{"rendered":"<p><img loading=\"lazy\" decoding=\"async\" class=\"size-full wp-image-4531 aligncenter\" src=\"http:\/\/schwedter-heimatverein.de\/wp-content\/uploads\/2017\/09\/heft1aus.jpg\" alt=\"\" width=\"171\" height=\"240\"><\/p>\n<p>Inhalt: (1999)<\/p>\n<ul>\n<li>R. Kroll: Sie k\u00fcndet von der Sch\u00f6nheit (Ansichten d. Schwedter Schlo\u00dfes)<\/li>\n<li>E. Brummund: Stiftungen f\u00fcr die Heimatstadt<\/li>\n<li>H.-J. Wilke: Wenn die Fluten weichen<\/li>\n<li>K. Heider: Abwechslung f\u00fcr die Dragoner<\/li>\n<li>R. Probst: Sammlerfreuden im Boden<\/li>\n<li>T. Freyhof: Meilenweit f\u00fcr einen Meilenstein<\/li>\n<li>A. Schendel: Ein vergessener Sohn der Stadt (David Gilly)<\/li>\n<li>Ch. K\u00f6hler: Die letzten Kriegstage im Schlo\u00df Criewen<\/li>\n<li>Ch. K\u00f6hler: Richterstiche &#8211; Wahrheit und Legende<\/li>\n<li>H. Lorenz\/O. Pr\u00fcfer: Heimatliebe in Notzeiten (Notgeld)<\/li>\n<\/ul>\n","protected":false},"excerpt":{"rendered":"<p>Inhalt: (1999) R. Kroll: Sie k\u00fcndet von der Sch\u00f6nheit (Ansichten d. Schwedter Schlo\u00dfes) E. Brummund: Stiftungen f\u00fcr die Heimatstadt H.-J. Wilke: Wenn die Fluten weichen K. Heider: Abwechslung f\u00fcr die Dragoner R. Probst: Sammlerfreuden im Boden T. Freyhof: Meilenweit f\u00fcr einen Meilenstein A. Schendel: Ein vergessener Sohn der Stadt (David Gilly) Ch. K\u00f6hler: Die letzten &hellip; <a href=\"http:\/\/schwedter-heimatverein.de\/?page_id=4530\" class=\"more-link\"><span class=\"screen-reader-text\">Schwedter Jahreshefte Nr. 1<\/span> weiterlesen<\/a><\/p>\n","protected":false},"author":1,"featured_media":0,"parent":4464,"menu_order":8,"comment_status":"closed","ping_status":"closed","template":"","meta":{"ngg_post_thumbnail":0,"footnotes":""},"class_list":["post-4530","page","type-page","status-publish","hentry"],"_links":{"self":[{"href":"http:\/\/schwedter-heimatverein.de\/index.php?rest_route=\/wp\/v2\/pages\/4530","targetHints":{"allow":["GET"]}}],"collection":[{"href":"http:\/\/schwedter-heimatverein.de\/index.php?rest_route=\/wp\/v2\/pages"}],"about":[{"href":"http:\/\/schwedter-heimatverein.de\/index.php?rest_route=\/wp\/v2\/types\/page"}],"author":[{"embeddable":true,"href":"http:\/\/schwedter-heimatverein.de\/index.php?rest_route=\/wp\/v2\/users\/1"}],"replies":[{"embeddable":true,"href":"http:\/\/schwedter-heimatverein.de\/index.php?rest_route=%2Fwp%2Fv2%2Fcomments&post=4530"}],"version-history":[{"count":4,"href":"http:\/\/schwedter-heimatverein.de\/index.php?rest_route=\/wp\/v2\/pages\/4530\/revisions"}],"predecessor-version":[{"id":4805,"href":"http:\/\/schwedter-heimatverein.de\/index.php?rest_route=\/wp\/v2\/pages\/4530\/revisions\/4805"}],"up":[{"embeddable":true,"href":"http:\/\/schwedter-heimatverein.de\/index.php?rest_route=\/wp\/v2\/pages\/4464"}],"wp:attachment":[{"href":"http:\/\/schwedter-heimatverein.de\/index.php?rest_route=%2Fwp%2Fv2%2Fmedia&parent=4530"}],"curies":[{"name":"wp","href":"https:\/\/api.w.org\/{rel}","templated":true}]}}