{"id":4526,"date":"2017-09-15T13:56:54","date_gmt":"2017-09-15T11:56:54","guid":{"rendered":"http:\/\/heimatverein.portal-schwedt.de\/?page_id=4526"},"modified":"2021-08-27T10:42:21","modified_gmt":"2021-08-27T08:42:21","slug":"heft-nr-2","status":"publish","type":"page","link":"http:\/\/schwedter-heimatverein.de\/?page_id=4526","title":{"rendered":"Schwedter Jahreshefte Nr. 2"},"content":{"rendered":"<p>&nbsp;<\/p>\n<p style=\"text-align: center;\"><img loading=\"lazy\" decoding=\"async\" class=\"alignnone size-full wp-image-4527\" src=\"http:\/\/schwedter-heimatverein.de\/wp-content\/uploads\/2017\/09\/heft2.jpg\" alt=\"\" width=\"171\" height=\"240\"><br \/>\nPreis 5,00 \u20ac<\/p>\n<p>Inhalt: (2000)<\/p>\n<ul>\n<li>S. Hoppe: Bilder einer Ausstellung (Fritz Merwart)<\/li>\n<li>G. Bartoschek: Auf der Suche nach Spuren (Schwedter Bilder in K\u00f6nigs Wusterhausen)<\/li>\n<li>U. Geiseler:&nbsp; Vom Versuch, sich zu behaupten (die Markgrafen und die Krone)<\/li>\n<li>K. Heider: Maigl\u00f6ckchenduft f\u00fcr Amerika<\/li>\n<li>R. Probst: Das bronzene Zeitalter<\/li>\n<li>T. Freyhof: Sein bleiben war nicht m\u00f6glich (Alphons des Vignoles, Prediger)<\/li>\n<li>G. Pr\u00fctz: Die letzte Operation vor Schwedt (Fr\u00fchjahr 1945)<\/li>\n<li>O. Grell\/H. Liman: Bezahlt wurde nach Entfernungen (Verkehrsgeschichte)<\/li>\n<li>T. Freyhof: Regimentstag als Erinnerung (Schwedter Dragoner)<\/li>\n<li>E. Tattermusch: Kontrolle \u00fcber Zoll und Soldaten<\/li>\n<\/ul>\n","protected":false},"excerpt":{"rendered":"<p>&nbsp; Preis 5,00 \u20ac Inhalt: (2000) S. Hoppe: Bilder einer Ausstellung (Fritz Merwart) G. Bartoschek: Auf der Suche nach Spuren (Schwedter Bilder in K\u00f6nigs Wusterhausen) U. Geiseler:&nbsp; Vom Versuch, sich zu behaupten (die Markgrafen und die Krone) K. Heider: Maigl\u00f6ckchenduft f\u00fcr Amerika R. Probst: Das bronzene Zeitalter T. Freyhof: Sein bleiben war nicht m\u00f6glich (Alphons &hellip; <a href=\"http:\/\/schwedter-heimatverein.de\/?page_id=4526\" class=\"more-link\"><span class=\"screen-reader-text\">Schwedter Jahreshefte Nr. 2<\/span> weiterlesen<\/a><\/p>\n","protected":false},"author":1,"featured_media":0,"parent":4464,"menu_order":7,"comment_status":"closed","ping_status":"closed","template":"","meta":{"ngg_post_thumbnail":0,"footnotes":""},"class_list":["post-4526","page","type-page","status-publish","hentry"],"_links":{"self":[{"href":"http:\/\/schwedter-heimatverein.de\/index.php?rest_route=\/wp\/v2\/pages\/4526","targetHints":{"allow":["GET"]}}],"collection":[{"href":"http:\/\/schwedter-heimatverein.de\/index.php?rest_route=\/wp\/v2\/pages"}],"about":[{"href":"http:\/\/schwedter-heimatverein.de\/index.php?rest_route=\/wp\/v2\/types\/page"}],"author":[{"embeddable":true,"href":"http:\/\/schwedter-heimatverein.de\/index.php?rest_route=\/wp\/v2\/users\/1"}],"replies":[{"embeddable":true,"href":"http:\/\/schwedter-heimatverein.de\/index.php?rest_route=%2Fwp%2Fv2%2Fcomments&post=4526"}],"version-history":[{"count":5,"href":"http:\/\/schwedter-heimatverein.de\/index.php?rest_route=\/wp\/v2\/pages\/4526\/revisions"}],"predecessor-version":[{"id":4806,"href":"http:\/\/schwedter-heimatverein.de\/index.php?rest_route=\/wp\/v2\/pages\/4526\/revisions\/4806"}],"up":[{"embeddable":true,"href":"http:\/\/schwedter-heimatverein.de\/index.php?rest_route=\/wp\/v2\/pages\/4464"}],"wp:attachment":[{"href":"http:\/\/schwedter-heimatverein.de\/index.php?rest_route=%2Fwp%2Fv2%2Fmedia&parent=4526"}],"curies":[{"name":"wp","href":"https:\/\/api.w.org\/{rel}","templated":true}]}}