{"id":4522,"date":"2017-09-15T13:55:34","date_gmt":"2017-09-15T11:55:34","guid":{"rendered":"http:\/\/heimatverein.portal-schwedt.de\/?page_id=4522"},"modified":"2021-08-27T10:42:37","modified_gmt":"2021-08-27T08:42:37","slug":"heft-nr-3","status":"publish","type":"page","link":"http:\/\/schwedter-heimatverein.de\/?page_id=4522","title":{"rendered":"Schwedter Jahreshefte Nr. 3"},"content":{"rendered":"<p>&nbsp;<\/p>\n<p style=\"text-align: center;\"><img loading=\"lazy\" decoding=\"async\" class=\"alignnone size-full wp-image-4523\" src=\"http:\/\/schwedter-heimatverein.de\/wp-content\/uploads\/2017\/09\/heft3.jpg\" alt=\"\" width=\"171\" height=\"240\"><br \/>\nPreis 5,00 \u20ac<\/p>\n<p>Inhalt: (2003)<\/p>\n<ul>\n<li>W. Heinicke: Sie war stets eine Suchende (F\u00fcrstin Louise von Anhalt-Dessau)<\/li>\n<li>W. Blaschke: Eine Br\u00fccke gab es auch schon (der 30j\u00e4hr. Krieg\/der Schwedenk\u00f6mg)<\/li>\n<li>T. Freyhof: Verwechselt und vergessen (Skulpturen aus der Werkstatt Glume)<\/li>\n<li>L. Koch: Ein F\u00f6rster auf Abwege (im \u201cTal der Liebe\u201c)<\/li>\n<li>W. Dittberner: Nischen in der Stadt (Brutvogel in Parkanlagen)<\/li>\n<li>Th. Janssen: Geld f\u00fcr die Sanierung fehlt (Mausoleum in Z\u00fctzen)<\/li>\n<li>H. Smith: Wo einst meine Wiege stand (Schwedterin auf eng!. Briefmarke)<\/li>\n<li>B. R\u00f6diger: Hospital am Rande der Stadt (Grabungen in der Saizstra\u00dfe)<\/li>\n<li>Ch. Thiel: Gotische Kunst aus der Provinz<\/li>\n<li>L. Liebert: Gutes Klima f\u00fcr den Tabak (Tabakmuseum Vierraden)<\/li>\n<li>K. Heider: Ein Zuckerst\u00fcck zur Begr\u00fc\u00dfung (vom Infanterist zum Dragoner)<\/li>\n<\/ul>\n","protected":false},"excerpt":{"rendered":"<p>&nbsp; Preis 5,00 \u20ac Inhalt: (2003) W. Heinicke: Sie war stets eine Suchende (F\u00fcrstin Louise von Anhalt-Dessau) W. Blaschke: Eine Br\u00fccke gab es auch schon (der 30j\u00e4hr. Krieg\/der Schwedenk\u00f6mg) T. Freyhof: Verwechselt und vergessen (Skulpturen aus der Werkstatt Glume) L. Koch: Ein F\u00f6rster auf Abwege (im \u201cTal der Liebe\u201c) W. Dittberner: Nischen in der Stadt &hellip; <a href=\"http:\/\/schwedter-heimatverein.de\/?page_id=4522\" class=\"more-link\"><span class=\"screen-reader-text\">Schwedter Jahreshefte Nr. 3<\/span> weiterlesen<\/a><\/p>\n","protected":false},"author":1,"featured_media":0,"parent":4464,"menu_order":6,"comment_status":"closed","ping_status":"closed","template":"","meta":{"ngg_post_thumbnail":0,"footnotes":""},"class_list":["post-4522","page","type-page","status-publish","hentry"],"_links":{"self":[{"href":"http:\/\/schwedter-heimatverein.de\/index.php?rest_route=\/wp\/v2\/pages\/4522","targetHints":{"allow":["GET"]}}],"collection":[{"href":"http:\/\/schwedter-heimatverein.de\/index.php?rest_route=\/wp\/v2\/pages"}],"about":[{"href":"http:\/\/schwedter-heimatverein.de\/index.php?rest_route=\/wp\/v2\/types\/page"}],"author":[{"embeddable":true,"href":"http:\/\/schwedter-heimatverein.de\/index.php?rest_route=\/wp\/v2\/users\/1"}],"replies":[{"embeddable":true,"href":"http:\/\/schwedter-heimatverein.de\/index.php?rest_route=%2Fwp%2Fv2%2Fcomments&post=4522"}],"version-history":[{"count":5,"href":"http:\/\/schwedter-heimatverein.de\/index.php?rest_route=\/wp\/v2\/pages\/4522\/revisions"}],"predecessor-version":[{"id":4807,"href":"http:\/\/schwedter-heimatverein.de\/index.php?rest_route=\/wp\/v2\/pages\/4522\/revisions\/4807"}],"up":[{"embeddable":true,"href":"http:\/\/schwedter-heimatverein.de\/index.php?rest_route=\/wp\/v2\/pages\/4464"}],"wp:attachment":[{"href":"http:\/\/schwedter-heimatverein.de\/index.php?rest_route=%2Fwp%2Fv2%2Fmedia&parent=4522"}],"curies":[{"name":"wp","href":"https:\/\/api.w.org\/{rel}","templated":true}]}}