{"id":4518,"date":"2017-09-15T13:54:53","date_gmt":"2017-09-15T11:54:53","guid":{"rendered":"http:\/\/heimatverein.portal-schwedt.de\/?page_id=4518"},"modified":"2021-08-27T10:42:49","modified_gmt":"2021-08-27T08:42:49","slug":"heft-nr-4","status":"publish","type":"page","link":"http:\/\/schwedter-heimatverein.de\/?page_id=4518","title":{"rendered":"Schwedter Jahreshefte Nr. 4"},"content":{"rendered":"<p>&nbsp;<\/p>\n<p style=\"text-align: center;\"><img loading=\"lazy\" decoding=\"async\" class=\"alignnone size-full wp-image-4519\" src=\"http:\/\/schwedter-heimatverein.de\/wp-content\/uploads\/2017\/09\/heft4.jpg\" alt=\"\" width=\"171\" height=\"240\"><br \/>\nPreis 5,00 \u20ac<\/p>\n<p>Inhalt: (2003)<\/p>\n<ul>\n<li>T. Freyhof: Suche nach der letzten Ruhe (Re\u2018fugie\u2018s der Markgrafen)<\/li>\n<li>R. Hoth: Endlich ein ehrw\u00fcrdiger Platz (markgr\u00e4fliche Sarkophage nach Berlin)<\/li>\n<li>Th. Heese: Prunk und sp\u00e4te Macht (Johanna Charlotte von Brandenburg-Schwedt)<\/li>\n<li>A. Dobler: Ein Schl\u00fcssel f\u00fcr zwei Schl\u00f6sser<\/li>\n<li>K. Rudolph: Der besondere Hausschmuck<\/li>\n<li>B. R\u00f6diger: Spuren f\u00fchren ins Mittelalter (Arch\u00e4ologische Funde)<\/li>\n<li>C. Riechert: Keramik aus dem Schlo\u00dfladen (Neuerwerbungen im Museum)<\/li>\n<li>G. Sagurna: Mann mit Sprachfehler gesucht (Helmut Schwanebeck)<\/li>\n<li>M. B\u00fcttner: Braten f\u00fcr Verleger Ullstein (Fleischerei Karpe)<\/li>\n<li>G.Bohn: Naute, Blutbleie und Salomon (1930 \u00fcber den Jahrmarkt)<\/li>\n<\/ul>\n","protected":false},"excerpt":{"rendered":"<p>&nbsp; Preis 5,00 \u20ac Inhalt: (2003) T. Freyhof: Suche nach der letzten Ruhe (Re\u2018fugie\u2018s der Markgrafen) R. Hoth: Endlich ein ehrw\u00fcrdiger Platz (markgr\u00e4fliche Sarkophage nach Berlin) Th. Heese: Prunk und sp\u00e4te Macht (Johanna Charlotte von Brandenburg-Schwedt) A. Dobler: Ein Schl\u00fcssel f\u00fcr zwei Schl\u00f6sser K. Rudolph: Der besondere Hausschmuck B. R\u00f6diger: Spuren f\u00fchren ins Mittelalter (Arch\u00e4ologische &hellip; <a href=\"http:\/\/schwedter-heimatverein.de\/?page_id=4518\" class=\"more-link\"><span class=\"screen-reader-text\">Schwedter Jahreshefte Nr. 4<\/span> weiterlesen<\/a><\/p>\n","protected":false},"author":1,"featured_media":0,"parent":4464,"menu_order":5,"comment_status":"closed","ping_status":"closed","template":"","meta":{"ngg_post_thumbnail":0,"footnotes":""},"class_list":["post-4518","page","type-page","status-publish","hentry"],"_links":{"self":[{"href":"http:\/\/schwedter-heimatverein.de\/index.php?rest_route=\/wp\/v2\/pages\/4518","targetHints":{"allow":["GET"]}}],"collection":[{"href":"http:\/\/schwedter-heimatverein.de\/index.php?rest_route=\/wp\/v2\/pages"}],"about":[{"href":"http:\/\/schwedter-heimatverein.de\/index.php?rest_route=\/wp\/v2\/types\/page"}],"author":[{"embeddable":true,"href":"http:\/\/schwedter-heimatverein.de\/index.php?rest_route=\/wp\/v2\/users\/1"}],"replies":[{"embeddable":true,"href":"http:\/\/schwedter-heimatverein.de\/index.php?rest_route=%2Fwp%2Fv2%2Fcomments&post=4518"}],"version-history":[{"count":5,"href":"http:\/\/schwedter-heimatverein.de\/index.php?rest_route=\/wp\/v2\/pages\/4518\/revisions"}],"predecessor-version":[{"id":4808,"href":"http:\/\/schwedter-heimatverein.de\/index.php?rest_route=\/wp\/v2\/pages\/4518\/revisions\/4808"}],"up":[{"embeddable":true,"href":"http:\/\/schwedter-heimatverein.de\/index.php?rest_route=\/wp\/v2\/pages\/4464"}],"wp:attachment":[{"href":"http:\/\/schwedter-heimatverein.de\/index.php?rest_route=%2Fwp%2Fv2%2Fmedia&parent=4518"}],"curies":[{"name":"wp","href":"https:\/\/api.w.org\/{rel}","templated":true}]}}