{"id":4514,"date":"2017-09-15T13:53:53","date_gmt":"2017-09-15T11:53:53","guid":{"rendered":"http:\/\/heimatverein.portal-schwedt.de\/?page_id=4514"},"modified":"2021-08-27T10:43:03","modified_gmt":"2021-08-27T08:43:03","slug":"heft-nr-5","status":"publish","type":"page","link":"http:\/\/schwedter-heimatverein.de\/?page_id=4514","title":{"rendered":"Schwedter Jahreshefte Nr. 5"},"content":{"rendered":"<p>&nbsp;<\/p>\n<p style=\"text-align: center;\"><img loading=\"lazy\" decoding=\"async\" class=\"alignnone size-full wp-image-4515\" src=\"http:\/\/schwedter-heimatverein.de\/wp-content\/uploads\/2017\/09\/heft5.jpg\" alt=\"\" width=\"171\" height=\"240\"><br \/>\nPreis 5,00 \u20ac<\/p>\n<p>Inhalt: (2004)<\/p>\n<ul>\n<li>Ch. v. Chmielewski: Endlich Fr\u00fchling in der Stadt (Neunaugen u. Oderkrebse)<\/li>\n<li>G. Freyhoff: Hoflieferant aus Leidenschaft (Kaufmannsfamilie Freyhoff)<\/li>\n<li>J. Freihof: Neunaugen sind lebende Fossilien (wissenschaftl. Betrachtung)<\/li>\n<li>A. Sch\u00fctz: Mittelalterlicher Marktplatz (Arch\u00e4ologische Untersuchungen)<\/li>\n<li>H.-J. Wilke: Der Laubfrosch mit Stempel (Nationalpark Unteres Odertal)<\/li>\n<li>T. Freyhof: Haft f\u00fcr Schwedter Theologen (Urban Birnbaum)<\/li>\n<li>L. Liebert: Zankapfel mitten im Wald (Wildenbruch)<\/li>\n<li>C. Riechert: Restaurierte Sch\u00f6nheit (Neuerwerbungen im Museum)<\/li>\n<li>&#8211; : Wie ees\u2018n D\u00e4mper up\u2018t Soatsche Weahr hacken bleew (Mundart)<\/li>\n<li>B. Krassuski: Kriegssch\u00e4den endlich beseitigt (Kreuzkirche Vierraden)<\/li>\n<\/ul>\n","protected":false},"excerpt":{"rendered":"<p>&nbsp; Preis 5,00 \u20ac Inhalt: (2004) Ch. v. Chmielewski: Endlich Fr\u00fchling in der Stadt (Neunaugen u. Oderkrebse) G. Freyhoff: Hoflieferant aus Leidenschaft (Kaufmannsfamilie Freyhoff) J. Freihof: Neunaugen sind lebende Fossilien (wissenschaftl. Betrachtung) A. Sch\u00fctz: Mittelalterlicher Marktplatz (Arch\u00e4ologische Untersuchungen) H.-J. Wilke: Der Laubfrosch mit Stempel (Nationalpark Unteres Odertal) T. Freyhof: Haft f\u00fcr Schwedter Theologen (Urban Birnbaum) &hellip; <a href=\"http:\/\/schwedter-heimatverein.de\/?page_id=4514\" class=\"more-link\"><span class=\"screen-reader-text\">Schwedter Jahreshefte Nr. 5<\/span> weiterlesen<\/a><\/p>\n","protected":false},"author":1,"featured_media":0,"parent":4464,"menu_order":4,"comment_status":"closed","ping_status":"closed","template":"","meta":{"ngg_post_thumbnail":0,"footnotes":""},"class_list":["post-4514","page","type-page","status-publish","hentry"],"_links":{"self":[{"href":"http:\/\/schwedter-heimatverein.de\/index.php?rest_route=\/wp\/v2\/pages\/4514","targetHints":{"allow":["GET"]}}],"collection":[{"href":"http:\/\/schwedter-heimatverein.de\/index.php?rest_route=\/wp\/v2\/pages"}],"about":[{"href":"http:\/\/schwedter-heimatverein.de\/index.php?rest_route=\/wp\/v2\/types\/page"}],"author":[{"embeddable":true,"href":"http:\/\/schwedter-heimatverein.de\/index.php?rest_route=\/wp\/v2\/users\/1"}],"replies":[{"embeddable":true,"href":"http:\/\/schwedter-heimatverein.de\/index.php?rest_route=%2Fwp%2Fv2%2Fcomments&post=4514"}],"version-history":[{"count":5,"href":"http:\/\/schwedter-heimatverein.de\/index.php?rest_route=\/wp\/v2\/pages\/4514\/revisions"}],"predecessor-version":[{"id":4809,"href":"http:\/\/schwedter-heimatverein.de\/index.php?rest_route=\/wp\/v2\/pages\/4514\/revisions\/4809"}],"up":[{"embeddable":true,"href":"http:\/\/schwedter-heimatverein.de\/index.php?rest_route=\/wp\/v2\/pages\/4464"}],"wp:attachment":[{"href":"http:\/\/schwedter-heimatverein.de\/index.php?rest_route=%2Fwp%2Fv2%2Fmedia&parent=4514"}],"curies":[{"name":"wp","href":"https:\/\/api.w.org\/{rel}","templated":true}]}}