{"id":4498,"date":"2017-09-15T13:48:39","date_gmt":"2017-09-15T11:48:39","guid":{"rendered":"http:\/\/heimatverein.portal-schwedt.de\/?page_id=4498"},"modified":"2021-08-27T10:43:57","modified_gmt":"2021-08-27T08:43:57","slug":"heft-nr-9","status":"publish","type":"page","link":"http:\/\/schwedter-heimatverein.de\/?page_id=4498","title":{"rendered":"Schwedter Jahreshefte Nr. 9"},"content":{"rendered":"<p>&nbsp;<\/p>\n<p style=\"text-align: center;\"><img loading=\"lazy\" decoding=\"async\" class=\"alignnone size-full wp-image-4499\" src=\"http:\/\/schwedter-heimatverein.de\/wp-content\/uploads\/2017\/09\/heft9.jpg\" alt=\"\" width=\"169\" height=\"240\"><br \/>\nPreis 6,50 \u20ac<\/p>\n<p>Inhalt: (2015)<\/p>\n<ul>\n<li>K. Herms\/M Feine, Reizvolle Filmkulisse mit Reiter &#8211; Der Film \u201cDer schwarze Husar\u201d wurde in Schwedt und Umgebung gedreht &#8211; Fotos und Geb\u00e4ude erz\u00e4hlen von einer unerl\u00e4sslichen Versorgungseinrichtung &#8211; Eine plattdeutsche Geschichte aus der Gegend um Niederkr\u00e4nig<\/li>\n<li>L. Libert, Die Molkerei ist Geschichte &#8211; Fotos und Geb\u00e4ude erz\u00e4hlen von einer unerl\u00e4sslichen Versorgungseinrichtung<\/li>\n<li>R. Schmidt, De Sp\u00f6kenkieker bie Nacht &#8211; Alltag im Hohenzollern-Gymnasium<\/li>\n<li>F. Merwart, Oderlandschaft im Blick &#8211; Beschreibung der malerischen Landschaft im Odertal<\/li>\n<li>E. Brummund, Schulchronik geborgen<\/li>\n<li>A. Siegel \/ F. Merwart, Flucht aus Schwedt &#8211; Bericht des Lehrers und Malers vom 20. April 1945 aus den Familienunterlagen<\/li>\n<li>J. Thiemer, Schwedter gr\u00fcndet Kiel &#8211; Portr\u00e4t des Auswanderers Heinrich Friedrich Belitz<\/li>\n<li>Th. Krause, Erweiterte Versicherung &#8211; Schwedter Siegelmarken, Teil 2<\/li>\n<li>Ch. Dielitzsch, Ein Bau neuen Typs &#8211; Geschichte der Schulspeiseeinrichtung \u201cNowopolozk\u201d<\/li>\n<li>E. Walther, Holzbein als Andenken &#8211; Zusammenfassung einer schwedischen Geschichte aus dem Drei\u00dfigj\u00e4hrigen Krieg<\/li>\n<li>E. Tattermusch, Ein unbequemes Denkmal &#8211; Das barocke Amtshaus in Heinersdorf zwischen Rettung nun Abriss<\/li>\n<li>W. Ehrhardt, Denkmal und Meilenstein &#8211; Staegemann-Denkmal und Kriegerdenkmal in Vierraden<\/li>\n<\/ul>\n","protected":false},"excerpt":{"rendered":"<p>&nbsp; Preis 6,50 \u20ac Inhalt: (2015) K. Herms\/M Feine, Reizvolle Filmkulisse mit Reiter &#8211; Der Film \u201cDer schwarze Husar\u201d wurde in Schwedt und Umgebung gedreht &#8211; Fotos und Geb\u00e4ude erz\u00e4hlen von einer unerl\u00e4sslichen Versorgungseinrichtung &#8211; Eine plattdeutsche Geschichte aus der Gegend um Niederkr\u00e4nig L. Libert, Die Molkerei ist Geschichte &#8211; Fotos und Geb\u00e4ude erz\u00e4hlen von &hellip; <a href=\"http:\/\/schwedter-heimatverein.de\/?page_id=4498\" class=\"more-link\"><span class=\"screen-reader-text\">Schwedter Jahreshefte Nr. 9<\/span> weiterlesen<\/a><\/p>\n","protected":false},"author":1,"featured_media":0,"parent":4464,"menu_order":0,"comment_status":"closed","ping_status":"closed","template":"","meta":{"ngg_post_thumbnail":0,"footnotes":""},"class_list":["post-4498","page","type-page","status-publish","hentry"],"_links":{"self":[{"href":"http:\/\/schwedter-heimatverein.de\/index.php?rest_route=\/wp\/v2\/pages\/4498","targetHints":{"allow":["GET"]}}],"collection":[{"href":"http:\/\/schwedter-heimatverein.de\/index.php?rest_route=\/wp\/v2\/pages"}],"about":[{"href":"http:\/\/schwedter-heimatverein.de\/index.php?rest_route=\/wp\/v2\/types\/page"}],"author":[{"embeddable":true,"href":"http:\/\/schwedter-heimatverein.de\/index.php?rest_route=\/wp\/v2\/users\/1"}],"replies":[{"embeddable":true,"href":"http:\/\/schwedter-heimatverein.de\/index.php?rest_route=%2Fwp%2Fv2%2Fcomments&post=4498"}],"version-history":[{"count":6,"href":"http:\/\/schwedter-heimatverein.de\/index.php?rest_route=\/wp\/v2\/pages\/4498\/revisions"}],"predecessor-version":[{"id":4813,"href":"http:\/\/schwedter-heimatverein.de\/index.php?rest_route=\/wp\/v2\/pages\/4498\/revisions\/4813"}],"up":[{"embeddable":true,"href":"http:\/\/schwedter-heimatverein.de\/index.php?rest_route=\/wp\/v2\/pages\/4464"}],"wp:attachment":[{"href":"http:\/\/schwedter-heimatverein.de\/index.php?rest_route=%2Fwp%2Fv2%2Fmedia&parent=4498"}],"curies":[{"name":"wp","href":"https:\/\/api.w.org\/{rel}","templated":true}]}}