{"id":4464,"date":"2017-09-15T13:37:30","date_gmt":"2017-09-15T11:37:30","guid":{"rendered":"http:\/\/heimatverein.portal-schwedt.de\/?page_id=4464"},"modified":"2021-10-15T10:39:24","modified_gmt":"2021-10-15T08:39:24","slug":"schwedter-jahreshefte","status":"publish","type":"page","link":"http:\/\/schwedter-heimatverein.de\/?page_id=4464","title":{"rendered":"Publikationen \/ Shop"},"content":{"rendered":"<p>Hier finden Sie eine \u00dcbersicht \u00fcber die von unserem Verein herausgegebenen Publikationen und dar\u00fcber hinaus. Die &#8222;Schwedter Jahreshefte&#8220; besch\u00e4ftigen sich mit der Geschichte der Stadt Schwedt, aber auch von Ortsteilen, Personen und Brauchtum in der Region. W\u00e4hlen Sie links in der Navigation ein Heft oder eine andere Publikation aus um sich \u00fcber dessen Inhalt zu informieren. Das Heft 1 ist vergriffen und kann daher nicht mehr k\u00e4uflich erworben werden. Alle anderen Hefte sind zum angegebenen Preis zzgl. 2 \u20ac Versandkosten erh\u00e4ltlich. Bei mehreren Publikationen werden die Versankosten einmalig berechnet.<\/p>\n<p><img loading=\"lazy\" decoding=\"async\" class=\"aligncenter wp-image-4543 size-full\" src=\"http:\/\/schwedter-heimatverein.de\/wp-content\/uploads\/2017\/09\/heft1-1.jpg\" alt=\"\" width=\"171\" height=\"240\"><\/p>\n","protected":false},"excerpt":{"rendered":"<p>Hier finden Sie eine \u00dcbersicht \u00fcber die von unserem Verein herausgegebenen Publikationen und dar\u00fcber hinaus. Die &#8222;Schwedter Jahreshefte&#8220; besch\u00e4ftigen sich mit der Geschichte der Stadt Schwedt, aber auch von Ortsteilen, Personen und Brauchtum in der Region. W\u00e4hlen Sie links in der Navigation ein Heft oder eine andere Publikation aus um sich \u00fcber dessen Inhalt zu &hellip; <a href=\"http:\/\/schwedter-heimatverein.de\/?page_id=4464\" class=\"more-link\"><span class=\"screen-reader-text\">Publikationen \/ Shop<\/span> weiterlesen<\/a><\/p>\n","protected":false},"author":1,"featured_media":0,"parent":0,"menu_order":3,"comment_status":"closed","ping_status":"closed","template":"","meta":{"ngg_post_thumbnail":0,"footnotes":""},"class_list":["post-4464","page","type-page","status-publish","hentry"],"_links":{"self":[{"href":"http:\/\/schwedter-heimatverein.de\/index.php?rest_route=\/wp\/v2\/pages\/4464","targetHints":{"allow":["GET"]}}],"collection":[{"href":"http:\/\/schwedter-heimatverein.de\/index.php?rest_route=\/wp\/v2\/pages"}],"about":[{"href":"http:\/\/schwedter-heimatverein.de\/index.php?rest_route=\/wp\/v2\/types\/page"}],"author":[{"embeddable":true,"href":"http:\/\/schwedter-heimatverein.de\/index.php?rest_route=\/wp\/v2\/users\/1"}],"replies":[{"embeddable":true,"href":"http:\/\/schwedter-heimatverein.de\/index.php?rest_route=%2Fwp%2Fv2%2Fcomments&post=4464"}],"version-history":[{"count":9,"href":"http:\/\/schwedter-heimatverein.de\/index.php?rest_route=\/wp\/v2\/pages\/4464\/revisions"}],"predecessor-version":[{"id":4815,"href":"http:\/\/schwedter-heimatverein.de\/index.php?rest_route=\/wp\/v2\/pages\/4464\/revisions\/4815"}],"wp:attachment":[{"href":"http:\/\/schwedter-heimatverein.de\/index.php?rest_route=%2Fwp%2Fv2%2Fmedia&parent=4464"}],"curies":[{"name":"wp","href":"https:\/\/api.w.org\/{rel}","templated":true}]}}