{"id":4451,"date":"2017-09-15T12:41:32","date_gmt":"2017-09-15T10:41:32","guid":{"rendered":"http:\/\/heimatverein.portal-schwedt.de\/?page_id=4451"},"modified":"2017-09-15T12:46:04","modified_gmt":"2017-09-15T10:46:04","slug":"wissenswertes-zum-gedenkstein","status":"publish","type":"page","link":"http:\/\/schwedter-heimatverein.de\/?page_id=4451","title":{"rendered":"Wissenswertes zum Gedenkstein"},"content":{"rendered":"<p>Am 30.08.2012 wurde unter Federf\u00fchrung des Schwedter Heimatvereines eine neue Tafel am Gustav Adolf-Gedenkstein im Park Heinrichslust mit Originaltext eingeweiht. Er erinnert daran, da\u00df der Schwedenk\u00f6nig im Jahre 1631 ein Feldlager in der nahe gelegenen Kuhheide errichtete. Nach seinem Tod in der Schlacht bei L\u00fctzen wurde der Leichnam nach Schweden \u00fcberf\u00fchrt. Am 16.11.1632 kam dieser Tro\u00df durch Schwedt.<br \/>\nDer Gedenkstein wurde aus Anla\u00df der 300-j\u00e4hrigen Wiederkehr dieses Ereignisses im Jahre 1931 auf Initiative des Schwedter Heimatvereines und mit schwedischer Hilfe aufgestellt. Die originale Gedenktafel wurde mehrfach besch\u00e4digt und dann schlie\u00dflich ganz entfernt b.z.w. entwendet. Nun wurde sie wieder erneuert.<\/p>\nngg_shortcode_0_placeholder\n","protected":false},"excerpt":{"rendered":"<p>Am 30.08.2012 wurde unter Federf\u00fchrung des Schwedter Heimatvereines eine neue Tafel am Gustav Adolf-Gedenkstein im Park Heinrichslust mit Originaltext eingeweiht. Er erinnert daran, da\u00df der Schwedenk\u00f6nig im Jahre 1631 ein Feldlager in der nahe gelegenen Kuhheide errichtete. Nach seinem Tod in der Schlacht bei L\u00fctzen wurde der Leichnam nach Schweden \u00fcberf\u00fchrt. Am 16.11.1632 kam dieser &hellip; <a href=\"http:\/\/schwedter-heimatverein.de\/?page_id=4451\" class=\"more-link\"><span class=\"screen-reader-text\">Wissenswertes zum Gedenkstein<\/span> weiterlesen<\/a><\/p>\n","protected":false},"author":1,"featured_media":0,"parent":4216,"menu_order":0,"comment_status":"closed","ping_status":"closed","template":"","meta":{"ngg_post_thumbnail":0,"footnotes":""},"class_list":["post-4451","page","type-page","status-publish","hentry"],"_links":{"self":[{"href":"http:\/\/schwedter-heimatverein.de\/index.php?rest_route=\/wp\/v2\/pages\/4451","targetHints":{"allow":["GET"]}}],"collection":[{"href":"http:\/\/schwedter-heimatverein.de\/index.php?rest_route=\/wp\/v2\/pages"}],"about":[{"href":"http:\/\/schwedter-heimatverein.de\/index.php?rest_route=\/wp\/v2\/types\/page"}],"author":[{"embeddable":true,"href":"http:\/\/schwedter-heimatverein.de\/index.php?rest_route=\/wp\/v2\/users\/1"}],"replies":[{"embeddable":true,"href":"http:\/\/schwedter-heimatverein.de\/index.php?rest_route=%2Fwp%2Fv2%2Fcomments&post=4451"}],"version-history":[{"count":3,"href":"http:\/\/schwedter-heimatverein.de\/index.php?rest_route=\/wp\/v2\/pages\/4451\/revisions"}],"predecessor-version":[{"id":4787,"href":"http:\/\/schwedter-heimatverein.de\/index.php?rest_route=\/wp\/v2\/pages\/4451\/revisions\/4787"}],"up":[{"embeddable":true,"href":"http:\/\/schwedter-heimatverein.de\/index.php?rest_route=\/wp\/v2\/pages\/4216"}],"wp:attachment":[{"href":"http:\/\/schwedter-heimatverein.de\/index.php?rest_route=%2Fwp%2Fv2%2Fmedia&parent=4451"}],"curies":[{"name":"wp","href":"https:\/\/api.w.org\/{rel}","templated":true}]}}