{"id":4436,"date":"2017-09-15T12:19:46","date_gmt":"2017-09-15T10:19:46","guid":{"rendered":"http:\/\/heimatverein.portal-schwedt.de\/?page_id=4436"},"modified":"2017-09-15T12:19:46","modified_gmt":"2017-09-15T10:19:46","slug":"wissenswertes-zum-obelisk","status":"publish","type":"page","link":"http:\/\/schwedter-heimatverein.de\/?page_id=4436","title":{"rendered":"Wissenswertes zum Obelisk"},"content":{"rendered":"<p>Eine der Sch\u00f6pfungen, welche die Markgrafen von Brandenburg-Schwedt in ihrer nahezu hundertj\u00e4hrigen Herrschaft in Schwedt \/O. hinterlie\u00dfen, war der Park \u201cHeinrichslust\u201d in einer Gr\u00f6\u00dfe von 120 000 Quadratmetern. Aus einem ungeordneten W\u00e4ldchen lie\u00df der letzte Markgraf Friedrich Heinrich (1709 &#8211; 1788) diesen Park, urspr\u00fcnglich als `Lustgarten` herrichten. Das Wegenetz wurde so angelegt, dass die zweite gro\u00dfe Sichtachse des Schlosses am Obelisk, welcher hier am Erinnerungsstein stand, endete.<br \/>\nDer Obelisk trug die Initialen \u201cFH\u201d f\u00fcr Friedrich Heinrich und die Jahreszahl 1778.<br \/>\nDer Sockel des Obelisken enthielt folgende Inschrift auf einer Tafel:<\/p>\n<p style=\"text-align: center;\">Du fragst mich, Wanderer, von diesem Hain ger\u00fchrt,<br \/>\nWe\u00df dieser Name sei, den meine Stirne f\u00fchrt;<br \/>\nFragst: Wer schuf zum Elysium<br \/>\nDiese kleine Wildnis um?<br \/>\nF\u00fcrwahr, es war ein Menschenfreund, ihm mu\u00df in<br \/>\nBe\u00df`ren Welten<br \/>\nEin guter Gott dies sch\u00f6ne Werk vergelten.<br \/>\nUnd willst Du wissen wie er hie\u00df,<br \/>\nF\u00fcrst Heinrich Friedrich schuf dies kleine Paradies.\u201d<\/p>\n<p>Der Obelisk hat den Zweiten Weltkrieg unbeschadet \u00fcberstanden. Die Nachkriegszeit mit ihrer Ideologie hat jedoch wegen unterlassener Pflege dazu gef\u00fchrt, dass er bauf\u00e4llig wurde. 1958 wurden die Reste des zerfallenen Obelisken w\u00e4hrend der Bauarbeiten f\u00fcr die Stra\u00dfe zur Papierfabrik beseitigt.<br \/>\nDer Erinnerungsstein und der Aufsteller wurden am 16. September 2015 feierlich enth\u00fcllt.<\/p>\nngg_shortcode_0_placeholder\n","protected":false},"excerpt":{"rendered":"<p>Eine der Sch\u00f6pfungen, welche die Markgrafen von Brandenburg-Schwedt in ihrer nahezu hundertj\u00e4hrigen Herrschaft in Schwedt \/O. hinterlie\u00dfen, war der Park \u201cHeinrichslust\u201d in einer Gr\u00f6\u00dfe von 120 000 Quadratmetern. Aus einem ungeordneten W\u00e4ldchen lie\u00df der letzte Markgraf Friedrich Heinrich (1709 &#8211; 1788) diesen Park, urspr\u00fcnglich als `Lustgarten` herrichten. Das Wegenetz wurde so angelegt, dass die zweite &hellip; <a href=\"http:\/\/schwedter-heimatverein.de\/?page_id=4436\" class=\"more-link\"><span class=\"screen-reader-text\">Wissenswertes zum Obelisk<\/span> weiterlesen<\/a><\/p>\n","protected":false},"author":1,"featured_media":0,"parent":4200,"menu_order":0,"comment_status":"closed","ping_status":"closed","template":"","meta":{"ngg_post_thumbnail":0,"footnotes":""},"class_list":["post-4436","page","type-page","status-publish","hentry"],"_links":{"self":[{"href":"http:\/\/schwedter-heimatverein.de\/index.php?rest_route=\/wp\/v2\/pages\/4436","targetHints":{"allow":["GET"]}}],"collection":[{"href":"http:\/\/schwedter-heimatverein.de\/index.php?rest_route=\/wp\/v2\/pages"}],"about":[{"href":"http:\/\/schwedter-heimatverein.de\/index.php?rest_route=\/wp\/v2\/types\/page"}],"author":[{"embeddable":true,"href":"http:\/\/schwedter-heimatverein.de\/index.php?rest_route=\/wp\/v2\/users\/1"}],"replies":[{"embeddable":true,"href":"http:\/\/schwedter-heimatverein.de\/index.php?rest_route=%2Fwp%2Fv2%2Fcomments&post=4436"}],"version-history":[{"count":3,"href":"http:\/\/schwedter-heimatverein.de\/index.php?rest_route=\/wp\/v2\/pages\/4436\/revisions"}],"predecessor-version":[{"id":4439,"href":"http:\/\/schwedter-heimatverein.de\/index.php?rest_route=\/wp\/v2\/pages\/4436\/revisions\/4439"}],"up":[{"embeddable":true,"href":"http:\/\/schwedter-heimatverein.de\/index.php?rest_route=\/wp\/v2\/pages\/4200"}],"wp:attachment":[{"href":"http:\/\/schwedter-heimatverein.de\/index.php?rest_route=%2Fwp%2Fv2%2Fmedia&parent=4436"}],"curies":[{"name":"wp","href":"https:\/\/api.w.org\/{rel}","templated":true}]}}