{"id":3506,"date":"2017-09-13T12:13:08","date_gmt":"2017-09-13T10:13:08","guid":{"rendered":"http:\/\/heimatverein.portal-schwedt.de\/?page_id=3506"},"modified":"2024-06-25T11:17:21","modified_gmt":"2024-06-25T09:17:21","slug":"der-vorstand","status":"publish","type":"page","link":"http:\/\/schwedter-heimatverein.de\/?page_id=3506","title":{"rendered":"Der Vorstand"},"content":{"rendered":"<p>Derzeit gew\u00e4hlte Vorstandsmitglieder sind:<\/p>\n<p>&nbsp;<\/p>\n<table border=\"0\" width=\"100%\" align=\"left\">\n<tbody>\n<tr>\n<td width=\"300\">Daniela H\u00f6ppner<\/td>\n<td>&#8211; Vorsitzende<\/td>\n<\/tr>\n<tr>\n<td width=\"300\">Andreas Franke<\/td>\n<td>&#8211; Stellvertreter<\/td>\n<\/tr>\n<tr>\n<td width=\"300\">Christine Kr\u00fcger<\/td>\n<td>&#8211; Schatzmeister<\/td>\n<\/tr>\n<tr>\n<td width=\"130\">Doris Grafe<\/td>\n<td>&#8211; Protokollant<\/td>\n<\/tr>\n<\/tbody>\n<\/table>\n<p>&nbsp;<\/p>\n<p>&nbsp;<\/p>\n<p>Zum Revisor wurde J\u00fcrgen Thiemer gew\u00e4hlt.<\/p>\n<p>&nbsp;<\/p>\n","protected":false},"excerpt":{"rendered":"<p>Derzeit gew\u00e4hlte Vorstandsmitglieder sind: &nbsp; Daniela H\u00f6ppner &#8211; Vorsitzende Andreas Franke &#8211; Stellvertreter Christine Kr\u00fcger &#8211; Schatzmeister Doris Grafe &#8211; Protokollant &nbsp; &nbsp; Zum Revisor wurde J\u00fcrgen Thiemer gew\u00e4hlt. &nbsp;<\/p>\n","protected":false},"author":1,"featured_media":0,"parent":3503,"menu_order":1,"comment_status":"closed","ping_status":"closed","template":"","meta":{"ngg_post_thumbnail":0,"footnotes":""},"class_list":["post-3506","page","type-page","status-publish","hentry"],"_links":{"self":[{"href":"http:\/\/schwedter-heimatverein.de\/index.php?rest_route=\/wp\/v2\/pages\/3506","targetHints":{"allow":["GET"]}}],"collection":[{"href":"http:\/\/schwedter-heimatverein.de\/index.php?rest_route=\/wp\/v2\/pages"}],"about":[{"href":"http:\/\/schwedter-heimatverein.de\/index.php?rest_route=\/wp\/v2\/types\/page"}],"author":[{"embeddable":true,"href":"http:\/\/schwedter-heimatverein.de\/index.php?rest_route=\/wp\/v2\/users\/1"}],"replies":[{"embeddable":true,"href":"http:\/\/schwedter-heimatverein.de\/index.php?rest_route=%2Fwp%2Fv2%2Fcomments&post=3506"}],"version-history":[{"count":10,"href":"http:\/\/schwedter-heimatverein.de\/index.php?rest_route=\/wp\/v2\/pages\/3506\/revisions"}],"predecessor-version":[{"id":5024,"href":"http:\/\/schwedter-heimatverein.de\/index.php?rest_route=\/wp\/v2\/pages\/3506\/revisions\/5024"}],"up":[{"embeddable":true,"href":"http:\/\/schwedter-heimatverein.de\/index.php?rest_route=\/wp\/v2\/pages\/3503"}],"wp:attachment":[{"href":"http:\/\/schwedter-heimatverein.de\/index.php?rest_route=%2Fwp%2Fv2%2Fmedia&parent=3506"}],"curies":[{"name":"wp","href":"https:\/\/api.w.org\/{rel}","templated":true}]}}