{"id":3503,"date":"2017-09-13T12:02:02","date_gmt":"2017-09-13T12:02:02","guid":{"rendered":"http:\/\/heimatverein.portal-schwedt.de\/?page_id=3503"},"modified":"2020-12-17T18:17:42","modified_gmt":"2020-12-17T17:17:42","slug":"unser-verein","status":"publish","type":"page","link":"http:\/\/schwedter-heimatverein.de\/?page_id=3503","title":{"rendered":"Unser Verein"},"content":{"rendered":"<p><span style=\"font-weight: bold;\">Chronologischer Werdegang<\/span><\/p>\n<p align=\"justify\">Unter der Bezeichnung \u201cVersch\u00f6nerungsverein\u201c wurde 1924 unser Verein gegr\u00fcndet. Im Jahre 1929 erfolgte dann die Umbenennung in \u201cHeimat-Verein Schwedt e. V.\u201c In den Vorstand wurden seinerzeit zum<\/p>\n<table width=\"100%\" border=\"0\" align=\"left\">\n<tbody>\n<tr>\n<td width=\"200\">1. Vorsitzenden<\/td>\n<td>&#8211; Oberstleutnant a. D. von Restorff<\/td>\n<\/tr>\n<tr>\n<td width=\"200\">2. Vorsitzenden<\/td>\n<td>&#8211; Sanit\u00e4tsrat Dr. Lobeck<\/td>\n<\/tr>\n<tr>\n<td width=\"200\">Gesch\u00e4fts- und Kassenf\u00fchrer<\/td>\n<td>&#8211; Versicherungsobersekret\u00e4r Westermann<\/td>\n<\/tr>\n<tr>\n<td width=\"200\">Stellvertreter<\/td>\n<td>&#8211; Malermeister Carl Ballentin<\/td>\n<\/tr>\n<tr>\n<td width=\"200\">Schriftf\u00fchrer<\/td>\n<td>&#8211; Mechanikermeister Gustav Kohl<\/td>\n<\/tr>\n<tr>\n<td width=\"200\">Stellvertreter<\/td>\n<td>&#8211; Konrektor Borris<\/td>\n<\/tr>\n<tr>\n<td width=\"200\">Beisitzer<\/td>\n<td>&#8211; B\u00fcrgermeister Wagemann, Oberschullehrer Merwart, Amtsgerichtsrat Rehma, Forstmeister Kaul<\/td>\n<\/tr>\n<tr>\n<td width=\"200\">Museumsleitung<\/td>\n<td>&#8211; Borris und Ballentin<\/td>\n<\/tr>\n<tr>\n<td width=\"200\">Archiv<\/td>\n<td>&#8211; Westermann<\/td>\n<\/tr>\n<\/tbody>\n<\/table>\n<p align=\"justify\">gew\u00e4hlt.<\/p>\n<p>Mitgliederzahl: 350 Ortsans\u00e4ssige und 50 ausw\u00e4rtige Personen.<\/p>\n<p>Der Heimatverein Schwedt e. V. existierte bis 1945.<br \/>\nIn der sowjetischen Besatzungszone und sp\u00e4teren DDR war kein Vereinswesen dieser Art gestattet. Es hatte ohnehin eine gro\u00dfe Anzahl von Schwedter B\u00fcrgern nach Westberlin und in die westlichen Zonen, der sp\u00e4teren BRD, verschlagen. 1953 jedoch gr\u00fcndeten sie, in heimatlicher Verbundenheit, den \u201cUckerm\u00e4rkischen Heimatverein in Berlin (West-). Dieser Verein h\u00f6rte vermutlich 1968 auf zu existieren, da mit der Nr. 37 die letzte Ausgabe das \u201cSchwedter Heimatblatt\u201c erschienen war.<\/p>\n<p>Die Wende 1989 schuf dann die M\u00f6glichkeit, aufbauend auf das Vergangene, sich in Fortsetzung nun neu zu formieren und gr\u00fcnden. 1990 war es dann so weit und unter Leitung von Herrn Dr. Libert, seinerzeit Leiter des Museums in Schwedt, wurde der \u201cSchwedter Heimatverein e. V.\u201c gegr\u00fcndet. Seine Vorstandsmitglieder waren bzw. sind:<\/p>\n<p align=\"justify\">Gr\u00fcndungsmitglieder gem\u00e4\u00df Wahl am 21.04.1990 waren:<\/p>\n<table width=\"100%\" border=\"0\" align=\"left\">\n<tbody>\n<tr>\n<td width=\"300\">Dr. Lutz Libert<\/td>\n<td>&#8211; Vorsitzender<\/td>\n<\/tr>\n<tr>\n<td width=\"300\">Hans-Joachim Herzog<\/td>\n<td>&#8211; 1. Stellvertreter<\/td>\n<\/tr>\n<tr>\n<td width=\"300\">Hanka D\u00fclsen<\/td>\n<td>&#8211; 2. Stellvertreter&nbsp;<\/td>\n<\/tr>\n<tr>\n<td width=\"300\">Heidemarie Kalis<\/td>\n<td>&#8211; Kassenwart<\/td>\n<\/tr>\n<tr>\n<td width=\"300\">Christian Humbsch<\/td>\n<td>&#8211; Schriftf\u00fchrer<\/td>\n<\/tr>\n<\/tbody>\n<\/table>\n<p>&nbsp;<\/p>\n<p>Die aktuelle Besetzung des Vorstanden finden Sie unter <a href=\"http:\/\/heimatverein.portal-schwedt.de\/?page_id=3506\">Unser Vorstand\/Verein<\/a> .<\/p>\n","protected":false},"excerpt":{"rendered":"<p>Chronologischer Werdegang Unter der Bezeichnung \u201cVersch\u00f6nerungsverein\u201c wurde 1924 unser Verein gegr\u00fcndet. Im Jahre 1929 erfolgte dann die Umbenennung in \u201cHeimat-Verein Schwedt e. V.\u201c In den Vorstand wurden seinerzeit zum 1. Vorsitzenden &#8211; Oberstleutnant a. D. von Restorff 2. Vorsitzenden &#8211; Sanit\u00e4tsrat Dr. Lobeck Gesch\u00e4fts- und Kassenf\u00fchrer &#8211; Versicherungsobersekret\u00e4r Westermann Stellvertreter &#8211; Malermeister Carl Ballentin Schriftf\u00fchrer &hellip; <a href=\"http:\/\/schwedter-heimatverein.de\/?page_id=3503\" class=\"more-link\"><span class=\"screen-reader-text\">Unser Verein<\/span> weiterlesen<\/a><\/p>\n","protected":false},"author":1,"featured_media":0,"parent":0,"menu_order":1,"comment_status":"closed","ping_status":"closed","template":"","meta":{"ngg_post_thumbnail":0,"footnotes":""},"class_list":["post-3503","page","type-page","status-publish","hentry"],"_links":{"self":[{"href":"http:\/\/schwedter-heimatverein.de\/index.php?rest_route=\/wp\/v2\/pages\/3503","targetHints":{"allow":["GET"]}}],"collection":[{"href":"http:\/\/schwedter-heimatverein.de\/index.php?rest_route=\/wp\/v2\/pages"}],"about":[{"href":"http:\/\/schwedter-heimatverein.de\/index.php?rest_route=\/wp\/v2\/types\/page"}],"author":[{"embeddable":true,"href":"http:\/\/schwedter-heimatverein.de\/index.php?rest_route=\/wp\/v2\/users\/1"}],"replies":[{"embeddable":true,"href":"http:\/\/schwedter-heimatverein.de\/index.php?rest_route=%2Fwp%2Fv2%2Fcomments&post=3503"}],"version-history":[{"count":10,"href":"http:\/\/schwedter-heimatverein.de\/index.php?rest_route=\/wp\/v2\/pages\/3503\/revisions"}],"predecessor-version":[{"id":4767,"href":"http:\/\/schwedter-heimatverein.de\/index.php?rest_route=\/wp\/v2\/pages\/3503\/revisions\/4767"}],"wp:attachment":[{"href":"http:\/\/schwedter-heimatverein.de\/index.php?rest_route=%2Fwp%2Fv2%2Fmedia&parent=3503"}],"curies":[{"name":"wp","href":"https:\/\/api.w.org\/{rel}","templated":true}]}}