{"id":3499,"date":"2017-09-13T11:59:17","date_gmt":"2017-09-13T11:59:17","guid":{"rendered":"http:\/\/heimatverein.portal-schwedt.de\/?page_id=3499"},"modified":"2017-09-13T11:59:59","modified_gmt":"2017-09-13T11:59:59","slug":"agb","status":"publish","type":"page","link":"http:\/\/schwedter-heimatverein.de\/?page_id=3499","title":{"rendered":"AGB"},"content":{"rendered":"<div class=\"headline\" style=\"text-align: left;\"><b>Allgemeine Gesch\u00e4ftsbedingungen f\u00fcr Bestellungen<br \/>\n<\/b><\/div>\n<p><b><br \/>\n1. Allgemeines<\/b><\/p>\n<p align=\"justify\">Nachstehende Allgemeine Gesch\u00e4ftsbedingungen gelten f\u00fcr alle Vertr\u00e4ge, Lieferungen und sonstige Leistungen. Abweichenden Vorschriften des Vertragspartners widersprechen wir hiermit ausdr\u00fccklich. Alle Nebenabreden bed\u00fcrfen der schriftlichen Best\u00e4tigung unsererseits. Der Shopbetreiber ist jederzeit berechtigt, diese Allgemeinen Gesch\u00e4ftsbedingungen einschlie\u00dflich aller eventuellen Anlagen mit einer angemessenen K\u00fcndigungsfrist zu \u00e4ndern oder zu erg\u00e4nzen. Vorher eingehende Auftr\u00e4ge werden nach den dann noch g\u00fcltigen alten Allgemeinen Gesch\u00e4ftsbedingungen bearbeitet.<\/p>\n<p><b>2. Angebot<\/b><\/p>\n<p align=\"justify\">Unsere Angebote sind unverbindlich. Kleine Abweichungen und \u00c4nderungen gegen\u00fcber unseren Abbildungen oder Beschreibungen sind m\u00f6glich.<\/p>\n<p><b>3. Lieferung und Zahlung<\/b><\/p>\n<p align=\"justify\">Die Lieferungs- und Zahlungsbedingungen des Onlineangebots sind im Bestellformular n\u00e4her ausgewiesen. Momentan gibt es nur die M\u00f6glichkeit\u00a0der Vorkasse. Zahlen Sie bitte bei Bestellungen aus dem Shop auf das Konto bei der Stadtsparkasse Schwedt, IBAN: DE78 1705 2302 00390068 76, BIC: WELADED1ZMX. Erst nach einem Zahlungseingang erfolgt die Auslieferung.\u00a0\u00a0Es gibt eine Mindestbestellmenge. Alle unsere Preise enthalten die gesetzliche Mehrwertsteuer. Es bleibt uns vorbehalten, eine Teillieferung vorzunehmen, sofern dies f\u00fcr eine z\u00fcgige Abwicklung vorteilhaft erscheint. Von unseren Kunden gew\u00fcnschte Sonderversendungsformen werden mit orts\u00fcblichem Zuschlag berechnet.<\/p>\n<p><b>4. Lieferzeiten<br \/>\n<\/b><\/p>\n<p align=\"justify\">Ware, die am Lager ist (f\u00fcr Bef\u00f6rderungsprobleme haften wir nicht) kommt schnellstm\u00f6glich b.z.w. innerhalb von 7 Tagen zum Versand. Ist die Ware bei Bestellung nicht vorr\u00e4tig, bem\u00fchen wir uns um schnellstm\u00f6gliche Lieferung. Falls die Nichteinhaltung einer Liefer- oder Leistungsfrist auf h\u00f6here Gewalt, Arbeitskampf, unvorhersehbare Hindernisse oder sonstige von uns nicht zu vertretende Umst\u00e4nde zur\u00fcckzuf\u00fchren ist, wird die Frist angemessen verl\u00e4ngert. Bei Nichteinhaltung der Lieferfrist aus anderen als den o. g. Gr\u00fcnden ist der K\u00e4ufer berechtigt, schriftlich eine angemessene Nachfrist mit Ablehnungsandrohung zu setzen und nach deren erfolglosem Ablauf hinsichtlich der im Vertrag befindlichen Lieferung oder Leistung vom Vertrag zur\u00fcckzutreten. Beruht die Unm\u00f6glichkeit der Lieferung auf Unverm\u00f6gen des Herstellers oder unseres Zulieferers, so k\u00f6nnen sowohl wir als auch der K\u00e4ufer vom Vertrag zur\u00fccktreten, sofern der vereinbarte Liefertermin um mehr als 3 Monate \u00fcberschritten ist.<br \/>\nSchadensersatzanspr\u00fcche wegen Verzug oder Unm\u00f6glichkeit bzw. Nichterf\u00fcllung, auch solche, die bis zu R\u00fccktritt vom Vertrag entstanden sind, sind ausgeschlossen. Es sei denn, dass ein gesetzlicher Vertreter des Onlineshopbetreibers vors\u00e4tzlich oder grob fahrl\u00e4ssig gehandelt hat.<\/p>\n<p><b>5. R\u00fcckgabe- und\u00a0 Widerrufsrecht <\/b><br \/>\nWir garantieren f\u00fcr nicht besch\u00e4digte\/benutzte Ware ein R\u00fcckgaberecht innerhalb von 14 Tagen. Die R\u00fcckgabefrist wird gewahrt durch das fristgerechte Absenden der Ware (Rechnungsdatum). Die R\u00fccksendung wird von uns nur angenommen, wenn sie ausreichend frankiert wurde. Die Kosten f\u00fcr den R\u00fcckversand tr\u00e4gt der K\u00e4ufer.<\/p>\n<p><b>6. Gefahr\u00fcbergang<\/b><br \/>\nDie Gefahr geht mit Absendung der Ware durch den Betreiber des Onlineshops auf den K\u00e4ufer \u00fcber.<\/p>\n<p><b>7. Gew\u00e4hrleistung<\/b><\/p>\n<p align=\"justify\">Der Shopbetreiber gew\u00e4hrleistet, dass die verkaufte Ware zum Zeitpunkt des Gefahr\u00fcberganges frei von Material- und Fabrikationsfehlern ist und die vertraglich zugesicherten Eigenschaften hat. Bei Eintreffen hat der Kunde die Ware unverz\u00fcglich auf M\u00e4ngel und Beschaffenheit zu untersuchen. Im Falle offener M\u00e4ngel m\u00fcssen diese innerhalb von 10 Tagen nach Entdeckung schriftlich bei uns gemeldet werden, ebenso versteckte M\u00e4ngel. Anderenfalls entf\u00e4llt die Gew\u00e4hrleistung f\u00fcr diese M\u00e4ngel. Die Gew\u00e4hrleistung betr\u00e4gt 6 Monate ab Auslieferung. Bei Reklamationen muss das Kaufdatum mit einer Rechnung nachgewiesen werden. Der reklamierte Artikel mus zusammen mit einer Kopie der Rechnung, ausreichend frankiert, eingeschickt werden.<br \/>\nDie Gew\u00e4hrleistung erstreckt sich nicht auf den normalen Verschlei\u00df oder die Abnutzung. Die Gew\u00e4hrleistung erlischt, wenn der Kunde die gelieferte Ware ver\u00e4ndert.<br \/>\nDer Betreiber hat w\u00e4hrend der Gew\u00e4hrleistungspflicht das Recht auf kostenlose Nachbesserung. Ein teilweiser oder vollst\u00e4ndiger Austausch des Artikels ist zul\u00e4ssig.<br \/>\nWerden M\u00e4ngel innerhalb angemessener Frist nicht behoben, so hat der K\u00e4ufer Anspruch auf Wandlung oder Minderung. Es gilt \u00a7 476a BGB.<\/p>\n<p><b>8. Sammelbesteller<\/b><\/p>\n<p align=\"justify\">Sammelbesteller erhalten f\u00fcr Bestellungen ab 100\u20ac Warenwert eine Aufwandsentsch\u00e4digung in Form von Artikeln aus unserem Angebot oder einen Preisnachlas nach Vereinbarung. Die Auftragsabwicklung und auch eventuelle R\u00fccksendungen erfolgen ausschlie\u00dflich \u00fcber den Sammelbesteller und auf dessen Kosten.<\/p>\n<p><b>9. Eigentumsvorbehalt<\/b><br \/>\nBis zur vollst\u00e4ndigen Bezahlung bleibt die Ware Eigentum des Onlinehopbetreibers.<\/p>\n<p><b>10. Datenspeicherung<\/b><\/p>\n<p align=\"justify\">Gem\u00e4\u00df \u00a7 28 des Bundesdatenschutzgesetzes (BDSG) machen wir darauf aufmerksam, dass die im Rahmen der Gesch\u00e4ftsabwicklung notwendigen Daten mittels einer EDV-Anlage gem\u00e4\u00df \u00a7 33 (BDSG) verarbeitet und gespeichert werden. Pers\u00f6nliche Daten werden selbstverst\u00e4ndlich vertraulich behandelt und nicht weitergegeben.<\/p>\n<p><b>11. Gerichtsstand<\/b><\/p>\n<p align=\"justify\">Erf\u00fcllungsort und Gerichtsstand f\u00fcr beide Teile ist der Sitz des Onlineshopbetreibers. Es gilt ausschlie\u00dflich das Recht der Bundesrepublik Deutschland.<\/p>\n","protected":false},"excerpt":{"rendered":"<p>Allgemeine Gesch\u00e4ftsbedingungen f\u00fcr Bestellungen 1. Allgemeines Nachstehende Allgemeine Gesch\u00e4ftsbedingungen gelten f\u00fcr alle Vertr\u00e4ge, Lieferungen und sonstige Leistungen. Abweichenden Vorschriften des Vertragspartners widersprechen wir hiermit ausdr\u00fccklich. Alle Nebenabreden bed\u00fcrfen der schriftlichen Best\u00e4tigung unsererseits. Der Shopbetreiber ist jederzeit berechtigt, diese Allgemeinen Gesch\u00e4ftsbedingungen einschlie\u00dflich aller eventuellen Anlagen mit einer angemessenen K\u00fcndigungsfrist zu \u00e4ndern oder zu erg\u00e4nzen. Vorher eingehende &hellip; <a href=\"http:\/\/schwedter-heimatverein.de\/?page_id=3499\" class=\"more-link\"><span class=\"screen-reader-text\">AGB<\/span> weiterlesen<\/a><\/p>\n","protected":false},"author":1,"featured_media":0,"parent":5,"menu_order":0,"comment_status":"closed","ping_status":"closed","template":"","meta":{"ngg_post_thumbnail":0,"footnotes":""},"class_list":["post-3499","page","type-page","status-publish","hentry"],"_links":{"self":[{"href":"http:\/\/schwedter-heimatverein.de\/index.php?rest_route=\/wp\/v2\/pages\/3499","targetHints":{"allow":["GET"]}}],"collection":[{"href":"http:\/\/schwedter-heimatverein.de\/index.php?rest_route=\/wp\/v2\/pages"}],"about":[{"href":"http:\/\/schwedter-heimatverein.de\/index.php?rest_route=\/wp\/v2\/types\/page"}],"author":[{"embeddable":true,"href":"http:\/\/schwedter-heimatverein.de\/index.php?rest_route=\/wp\/v2\/users\/1"}],"replies":[{"embeddable":true,"href":"http:\/\/schwedter-heimatverein.de\/index.php?rest_route=%2Fwp%2Fv2%2Fcomments&post=3499"}],"version-history":[{"count":1,"href":"http:\/\/schwedter-heimatverein.de\/index.php?rest_route=\/wp\/v2\/pages\/3499\/revisions"}],"predecessor-version":[{"id":3500,"href":"http:\/\/schwedter-heimatverein.de\/index.php?rest_route=\/wp\/v2\/pages\/3499\/revisions\/3500"}],"up":[{"embeddable":true,"href":"http:\/\/schwedter-heimatverein.de\/index.php?rest_route=\/wp\/v2\/pages\/5"}],"wp:attachment":[{"href":"http:\/\/schwedter-heimatverein.de\/index.php?rest_route=%2Fwp%2Fv2%2Fmedia&parent=3499"}],"curies":[{"name":"wp","href":"https:\/\/api.w.org\/{rel}","templated":true}]}}